{"id":2849,"date":"2017-12-01T13:52:49","date_gmt":"2017-12-01T13:52:49","guid":{"rendered":"http:\/\/emadvocatsiassessors.com\/area-juridica\/"},"modified":"2021-09-20T13:14:19","modified_gmt":"2021-09-20T11:14:19","slug":"area-civil","status":"publish","type":"page","link":"https:\/\/emadvocatsiassessors.com\/es\/area-civil\/","title":{"rendered":"\u00c1rea civil"},"content":{"rendered":"<p>[vc_section][vc_row][vc_column][vc_empty_space height=&#8221;60px&#8221;][\/vc_column][\/vc_row][vc_row][vc_column width=&#8221;1\/3&#8243; el_class=&#8221;espai-dreta&#8221;][vc_single_image image=&#8221;3049&#8243; img_size=&#8221;full&#8221;][vc_empty_space height=&#8221;60px&#8221;][\/vc_column][vc_column width=&#8221;2\/3&#8243;][vc_column_text css_animation=&#8221;fadeInUp&#8221;]<\/p>\n<h3>DERECHO CIVIL<\/h3>\n<ul class=\"disc-list\">\n<li>Procedimientos ordinarios, monitorios y cambiarios.<\/li>\n<li>Reclamaciones de cantidad por cualquier deuda contractual o extracontractual. Impagos.<\/li>\n<li>Acciones de responsabilidad contractual.<\/li>\n<li>Procedimientos ejecutivos.<\/li>\n<li>Resoluciones y extinciones contractuales.<\/li>\n<li>Procedimientos reivindicatorios de la propiedad.<\/li>\n<li>Incidentes posesorios.<\/li>\n<li>Procedimientos para arrendamientos r\u00fasticos y urbanos, desahucios, reclamaciones de rentas impagadas y extinciones contractuales.<\/li>\n<li>Propiedad horizontal y comunidad de vecinos.<\/li>\n<li>Jurisdicci\u00f3n voluntaria.<\/li>\n<li>Defensa de los derechos de los consumidores y usuarios.<\/li>\n<\/ul>\n<p>[\/vc_column_text][vc_empty_space height=&#8221;47px&#8221;][vc_column_text css_animation=&#8221;fadeInUp&#8221;]<\/p>\n<h3>DERECHO MATRIMONIAL Y DE FAMILIA<\/h3>\n<ul class=\"disc-list\">\n<li>Separaciones, divorcios y rupturas de parejas estables de mutuo acuerdo y contenciosos.<\/li>\n<li>Medidas provisionales previas a la separaci\u00f3n o divorcio.<\/li>\n<li>Nulidades civiles.<\/li>\n<li>Contratos prematrimoniales.<\/li>\n<li>Modificaciones de las medidas de divorcio o separaci\u00f3n.<\/li>\n<li>Pensiones de alimentos y compensatorias.<\/li>\n<li>Reclamaciones por impago de pensiones o de convenios de mutuo acuerdo.<\/li>\n<li>Liquidaci\u00f3n del r\u00e9gimen econ\u00f3mico matrimonial.<\/li>\n<li>Filiaciones.<\/li>\n<li>Reconocimiento de paternidad y cambio de custodia.<\/li>\n<li>Parejas de hecho.<\/li>\n<li>Tutela y cuidado de personas con discapacidad.<\/li>\n<\/ul>\n<p>[\/vc_column_text][vc_empty_space height=&#8221;47px&#8221;][vc_column_text css_animation=&#8221;fadeInUp&#8221;]<\/p>\n<h3>DERECHO DE SUCESIONES<\/h3>\n<ul class=\"disc-list\">\n<li>Testamentos.<\/li>\n<li>Impugnaci\u00f3n de testamentos.<\/li>\n<li>Declaraciones de herederos abintestato.<\/li>\n<li>Herencias y legados.<\/li>\n<li>Reclamaciones de leg\u00edtima.<\/li>\n<li>Aceptaci\u00f3n y partici\u00f3n de herencias.<\/li>\n<li>Reclamaciones judiciales de hechos sucesorios.<\/li>\n<\/ul>\n<p>[\/vc_column_text][vc_empty_space height=&#8221;47px&#8221;][vc_column_text css_animation=&#8221;fadeInUp&#8221;]<\/p>\n<h3>DERECHO DE DA\u00d1OS Y PERJUICIOS<\/h3>\n<ul class=\"disc-list\">\n<li>Reclamaciones por da\u00f1os y perjuicios derivados de todo tipo de origen.<\/li>\n<li>Indemnizaci\u00f3n por accidentes de tr\u00e1fico.<\/li>\n<li>Reclamaci\u00f3n y gesti\u00f3n de da\u00f1os derivados de accidentes de tr\u00e1fico.<\/li>\n<li>Derechos de seguro.<\/li>\n<\/ul>\n<p>[\/vc_column_text][vc_empty_space height=&#8221;47px&#8221;][vc_column_text css_animation=&#8221;fadeInUp&#8221;]<\/p>\n<h3>DERECHO INMOBILIARIO<\/h3>\n<ul class=\"disc-list\">\n<li>Reclamaciones por defectos de construcci\u00f3n y vicios ocultos.<\/li>\n<li>Contratos de compraventa.<\/li>\n<li>Contratos de arras.<\/li>\n<li>Opci\u00f3n de compra.<\/li>\n<li>Contratos de arrendamiento urbano y r\u00fastico.<\/li>\n<li>Contratos de permuta.<\/li>\n<\/ul>\n<p>[\/vc_column_text][vc_empty_space height=&#8221;100px&#8221;][\/vc_column][\/vc_row][\/vc_section][vc_section full_width=&#8221;stretch_row&#8221; content_placement=&#8221;middle&#8221; css=&#8221;.vc_custom_1622630902763{background-position: center !important;background-repeat: no-repeat !important;background-size: cover !important;}&#8221; el_class=&#8221;marbre-bgnd&#8221;][vc_row content_placement=&#8221;middle&#8221; css=&#8221;.vc_custom_1622577665188{padding-top: 1% !important;padding-bottom: 1% !important;}&#8221;][vc_column css=&#8221;.vc_custom_1622577727129{padding-top: 5% !important;padding-bottom: 5% !important;}&#8221;][vc_empty_space height=&#8221;20px&#8221;][vc_text_separator title=&#8221;cont\u00e1ctanos&#8221; title_align=&#8221;separator_align_right&#8221; align=&#8221;align_left&#8221; color=&#8221;black&#8221; border_width=&#8221;2&#8243; el_width=&#8221;30&#8243;][vc_empty_space height=&#8221;20px&#8221;][\/vc_column][\/vc_row][vc_row][vc_column]<div role=\"form\" class=\"wpcf7\" id=\"wpcf7-f2523-o1\" lang=\"en-US\" dir=\"ltr\">\n<div class=\"screen-reader-response\"><p role=\"status\" aria-live=\"polite\" aria-atomic=\"true\"><\/p> <ul><\/ul><\/div>\n<form action=\"\/es\/wp-json\/wp\/v2\/pages\/2849#wpcf7-f2523-o1\" method=\"post\" class=\"wpcf7-form init wpcf7-acceptance-as-validation\" novalidate=\"novalidate\" data-status=\"init\">\n<div style=\"display: none;\">\n<input type=\"hidden\" name=\"_wpcf7\" value=\"2523\" \/>\n<input type=\"hidden\" name=\"_wpcf7_version\" value=\"5.4.2\" \/>\n<input type=\"hidden\" name=\"_wpcf7_locale\" value=\"en_US\" \/>\n<input type=\"hidden\" name=\"_wpcf7_unit_tag\" value=\"wpcf7-f2523-o1\" \/>\n<input type=\"hidden\" name=\"_wpcf7_container_post\" value=\"0\" \/>\n<input type=\"hidden\" name=\"_wpcf7_posted_data_hash\" value=\"\" \/>\n<\/div>\n<div class=\"form-practice\">\n<div class=\"row\">\n<div class=\"col-xs-12 col-sm-4 col-md-4 col-lg-4\">\n<div class=\"wpcf7-form-item\"><span class=\"wpcf7-form-control-wrap nom\"><input type=\"text\" name=\"nom\" value=\"\" size=\"40\" class=\"wpcf7-form-control wpcf7-text wpcf7-validates-as-required\" aria-required=\"true\" aria-invalid=\"false\" placeholder=\"NOMBRE\" \/><\/span><\/div>\n<\/div>\n<div class=\"col-xs-12 col-sm-4 col-md-4 col-lg-4\">\n<div class=\"wpcf7-form-item\"><span class=\"wpcf7-form-control-wrap email\"><input type=\"email\" name=\"email\" value=\"\" size=\"40\" class=\"wpcf7-form-control wpcf7-text wpcf7-email wpcf7-validates-as-required wpcf7-validates-as-email\" aria-required=\"true\" aria-invalid=\"false\" placeholder=\"EMAIL\" \/><\/span><\/div>\n<\/div>\n<div class=\"col-xs-12 col-sm-4 col-md-4 col-lg-4 cms-select\">\n<div class=\"wpcf7-form-item\"><span class=\"wpcf7-form-control-wrap departamento\"><select name=\"departamento\" class=\"wpcf7-form-control wpcf7-select\" aria-invalid=\"false\"><option value=\"\u00c1rea civil\">\u00c1rea civil<\/option><option value=\"\u00c1rea contenciosa administrativa\">\u00c1rea contenciosa administrativa<\/option><option value=\"\u00c1rea banc\u00e0ria\">\u00c1rea banc\u00e0ria<\/option><\/select><\/span><\/div>\n<\/div>\n<\/div>\n<div class=\"row\">\n<div class=\"col-xs-12 col-sm-12 col-md-12 col-lg-12 clearfix\">\n<div class=\"wpcf7-form-item\"><span class=\"wpcf7-form-control-wrap mensaje\"><textarea name=\"mensaje\" cols=\"40\" rows=\"10\" class=\"wpcf7-form-control wpcf7-textarea wpcf7-validates-as-required\" aria-required=\"true\" aria-invalid=\"false\" placeholder=\"MENSAJE\"><\/textarea><\/span><\/div>\n<\/div>\n<\/div>\n<div class=\"row\">\n<div class=\"col-xs-12 col-sm-4 col-md-3 col-lg-3\" style=\"padding-right: 30px;\">\n             <input type=\"submit\" value=\"Enviar\" class=\"wpcf7-form-control wpcf7-submit btn btn-primary btn-lg\" \/>\n      <\/div>\n<div class=\"col-xs-12 col-sm-8 col-md-9 col-lg-9\" style=\"border-left: 1px solid #e5e4e4;padding-bottom: 8px;padding-left: 30px;\">El env\u00edo de este formulario implica la aceptaci\u00f3n de la <a href=\"https:\/\/emadvocatsiassessors.com\/avis-legal\/\" target=\"_blank\"> Aviso legal y Pol\u00edtica de Privacidad <\/a> de esta web. <br\/> Nos comprometemos a contestar sus dudas en el plazo m\u00e1ximo de 48 horas para garantizar la resoluci\u00f3n de sus inquietudes y necesidades.<\/div>\n<\/div>\n<\/div>\n<div class=\"wpcf7-response-output\" aria-hidden=\"true\"><\/div><\/form><\/div>[vc_empty_space height=&#8221;50px&#8221;][\/vc_column][\/vc_row][\/vc_section]<\/p>\n","protected":false},"excerpt":{"rendered":"<p>[vc_section][vc_row][vc_column][vc_empty_space height=&#8221;60px&#8221;][\/vc_column][\/vc_row][vc_row][vc_column width=&#8221;1\/3&#8243; el_class=&#8221;espai-dreta&#8221;][vc_single_image image=&#8221;3049&#8243; img_size=&#8221;full&#8221;][vc_empty_space height=&#8221;60px&#8221;][\/vc_column][vc_column width=&#8221;2\/3&#8243;][vc_column_text css_animation=&#8221;fadeInUp&#8221;] DERECHO CIVIL Procedimientos ordinarios, monitorios y cambiarios. Reclamaciones de cantidad por cualquier deuda contractual o extracontractual. Impagos. Acciones de responsabilidad contractual. Procedimientos ejecutivos. Resoluciones y extinciones contractuales. Procedimientos reivindicatorios de la propiedad. Incidentes posesorios. Procedimientos para arrendamientos r\u00fasticos y urbanos, desahucios, reclamaciones de rentas impagadas y [&hellip;]<\/p>\n","protected":false},"author":1,"featured_media":3050,"parent":0,"menu_order":0,"comment_status":"closed","ping_status":"closed","template":"","meta":[],"yoast_head":"<!-- This site is optimized with the Yoast SEO plugin v17.1 - https:\/\/yoast.com\/wordpress\/plugins\/seo\/ -->\n<title>\u00c1rea civil &middot; Em advocats<\/title>\n<meta name=\"description\" content=\"Servicios de asesoramiento legal en \u00e1rea civil. Derecho Civil. Derecho Matrimonial y Familia. Derecho de Sucesiones. Derecho de Da\u00f1os. Derecho Inmobiliario.\" \/>\n<meta name=\"robots\" content=\"index, follow, max-snippet:-1, max-image-preview:large, max-video-preview:-1\" \/>\n<link rel=\"canonical\" href=\"https:\/\/emadvocatsiassessors.com\/es\/area-civil\/\" \/>\n<meta property=\"og:locale\" content=\"es_ES\" \/>\n<meta property=\"og:type\" content=\"article\" \/>\n<meta property=\"og:title\" content=\"\u00c1rea civil &middot; Em advocats\" \/>\n<meta property=\"og:description\" content=\"Servicios de asesoramiento legal en \u00e1rea civil. Derecho Civil. Derecho Matrimonial y Familia. Derecho de Sucesiones. Derecho de Da\u00f1os. Derecho Inmobiliario.\" \/>\n<meta property=\"og:url\" content=\"https:\/\/emadvocatsiassessors.com\/es\/area-civil\/\" \/>\n<meta property=\"og:site_name\" content=\"Em advocats\" \/>\n<meta property=\"article:modified_time\" content=\"2021-09-20T11:14:19+00:00\" \/>\n<meta property=\"og:image\" content=\"https:\/\/emadvocatsiassessors.com\/wp-content\/uploads\/2021\/06\/pexels-karolina-grabowska-4207795.jpg\" \/>\n\t<meta property=\"og:image:width\" content=\"1000\" \/>\n\t<meta property=\"og:image:height\" content=\"687\" \/>\n<meta name=\"twitter:card\" content=\"summary_large_image\" \/>\n<meta name=\"twitter:label1\" content=\"Tiempo de lectura\" \/>\n\t<meta name=\"twitter:data1\" content=\"2 minutos\" \/>\n<script type=\"application\/ld+json\" class=\"yoast-schema-graph\">{\"@context\":\"https:\/\/schema.org\",\"@graph\":[{\"@type\":\"WebSite\",\"@id\":\"https:\/\/emadvocatsiassessors.com\/#website\",\"url\":\"https:\/\/emadvocatsiassessors.com\/\",\"name\":\"Em advocats\",\"description\":\"Dret Civil i Administratiu a Girona\",\"potentialAction\":[{\"@type\":\"SearchAction\",\"target\":{\"@type\":\"EntryPoint\",\"urlTemplate\":\"https:\/\/emadvocatsiassessors.com\/?s={search_term_string}\"},\"query-input\":\"required name=search_term_string\"}],\"inLanguage\":\"es\"},{\"@type\":\"ImageObject\",\"@id\":\"https:\/\/emadvocatsiassessors.com\/es\/area-civil\/#primaryimage\",\"inLanguage\":\"es\",\"url\":\"https:\/\/emadvocatsiassessors.com\/wp-content\/uploads\/2021\/06\/pexels-karolina-grabowska-4207795.jpg\",\"contentUrl\":\"https:\/\/emadvocatsiassessors.com\/wp-content\/uploads\/2021\/06\/pexels-karolina-grabowska-4207795.jpg\",\"width\":1000,\"height\":687,\"caption\":\"EM advocats i assessors \\u00b7 Dret civil\"},{\"@type\":\"WebPage\",\"@id\":\"https:\/\/emadvocatsiassessors.com\/es\/area-civil\/#webpage\",\"url\":\"https:\/\/emadvocatsiassessors.com\/es\/area-civil\/\",\"name\":\"\\u00c1rea civil &middot; Em advocats\",\"isPartOf\":{\"@id\":\"https:\/\/emadvocatsiassessors.com\/#website\"},\"primaryImageOfPage\":{\"@id\":\"https:\/\/emadvocatsiassessors.com\/es\/area-civil\/#primaryimage\"},\"datePublished\":\"2017-12-01T13:52:49+00:00\",\"dateModified\":\"2021-09-20T11:14:19+00:00\",\"description\":\"Servicios de asesoramiento legal en \\u00e1rea civil. Derecho Civil. Derecho Matrimonial y Familia. Derecho de Sucesiones. Derecho de Da\\u00f1os. Derecho Inmobiliario.\",\"breadcrumb\":{\"@id\":\"https:\/\/emadvocatsiassessors.com\/es\/area-civil\/#breadcrumb\"},\"inLanguage\":\"es\",\"potentialAction\":[{\"@type\":\"ReadAction\",\"target\":[\"https:\/\/emadvocatsiassessors.com\/es\/area-civil\/\"]}]},{\"@type\":\"BreadcrumbList\",\"@id\":\"https:\/\/emadvocatsiassessors.com\/es\/area-civil\/#breadcrumb\",\"itemListElement\":[{\"@type\":\"ListItem\",\"position\":1,\"name\":\"Portada\",\"item\":\"https:\/\/emadvocatsiassessors.com\/es\/\"},{\"@type\":\"ListItem\",\"position\":2,\"name\":\"\\u00c1rea civil\"}]}]}<\/script>\n<!-- \/ Yoast SEO plugin. -->","yoast_head_json":{"title":"\u00c1rea civil &middot; Em advocats","description":"Servicios de asesoramiento legal en \u00e1rea civil. Derecho Civil. Derecho Matrimonial y Familia. Derecho de Sucesiones. Derecho de Da\u00f1os. Derecho Inmobiliario.","robots":{"index":"index","follow":"follow","max-snippet":"max-snippet:-1","max-image-preview":"max-image-preview:large","max-video-preview":"max-video-preview:-1"},"canonical":"https:\/\/emadvocatsiassessors.com\/es\/area-civil\/","og_locale":"es_ES","og_type":"article","og_title":"\u00c1rea civil &middot; Em advocats","og_description":"Servicios de asesoramiento legal en \u00e1rea civil. Derecho Civil. Derecho Matrimonial y Familia. Derecho de Sucesiones. Derecho de Da\u00f1os. Derecho Inmobiliario.","og_url":"https:\/\/emadvocatsiassessors.com\/es\/area-civil\/","og_site_name":"Em advocats","article_modified_time":"2021-09-20T11:14:19+00:00","og_image":[{"width":1000,"height":687,"url":"https:\/\/emadvocatsiassessors.com\/wp-content\/uploads\/2021\/06\/pexels-karolina-grabowska-4207795.jpg","path":"\/var\/www\/vhost\/emadvocatsiassessors.com\/home\/html\/wp-content\/uploads\/2021\/06\/pexels-karolina-grabowska-4207795.jpg","size":"full","id":3050,"alt":"EM advocats i assessors \u00b7 Dret civil","pixels":687000,"type":"image\/jpeg"}],"twitter_card":"summary_large_image","twitter_misc":{"Tiempo de lectura":"2 minutos"},"schema":{"@context":"https:\/\/schema.org","@graph":[{"@type":"WebSite","@id":"https:\/\/emadvocatsiassessors.com\/#website","url":"https:\/\/emadvocatsiassessors.com\/","name":"Em advocats","description":"Dret Civil i Administratiu a Girona","potentialAction":[{"@type":"SearchAction","target":{"@type":"EntryPoint","urlTemplate":"https:\/\/emadvocatsiassessors.com\/?s={search_term_string}"},"query-input":"required name=search_term_string"}],"inLanguage":"es"},{"@type":"ImageObject","@id":"https:\/\/emadvocatsiassessors.com\/es\/area-civil\/#primaryimage","inLanguage":"es","url":"https:\/\/emadvocatsiassessors.com\/wp-content\/uploads\/2021\/06\/pexels-karolina-grabowska-4207795.jpg","contentUrl":"https:\/\/emadvocatsiassessors.com\/wp-content\/uploads\/2021\/06\/pexels-karolina-grabowska-4207795.jpg","width":1000,"height":687,"caption":"EM advocats i assessors \u00b7 Dret civil"},{"@type":"WebPage","@id":"https:\/\/emadvocatsiassessors.com\/es\/area-civil\/#webpage","url":"https:\/\/emadvocatsiassessors.com\/es\/area-civil\/","name":"\u00c1rea civil &middot; Em advocats","isPartOf":{"@id":"https:\/\/emadvocatsiassessors.com\/#website"},"primaryImageOfPage":{"@id":"https:\/\/emadvocatsiassessors.com\/es\/area-civil\/#primaryimage"},"datePublished":"2017-12-01T13:52:49+00:00","dateModified":"2021-09-20T11:14:19+00:00","description":"Servicios de asesoramiento legal en \u00e1rea civil. Derecho Civil. Derecho Matrimonial y Familia. Derecho de Sucesiones. Derecho de Da\u00f1os. Derecho Inmobiliario.","breadcrumb":{"@id":"https:\/\/emadvocatsiassessors.com\/es\/area-civil\/#breadcrumb"},"inLanguage":"es","potentialAction":[{"@type":"ReadAction","target":["https:\/\/emadvocatsiassessors.com\/es\/area-civil\/"]}]},{"@type":"BreadcrumbList","@id":"https:\/\/emadvocatsiassessors.com\/es\/area-civil\/#breadcrumb","itemListElement":[{"@type":"ListItem","position":1,"name":"Portada","item":"https:\/\/emadvocatsiassessors.com\/es\/"},{"@type":"ListItem","position":2,"name":"\u00c1rea civil"}]}]}},"_links":{"self":[{"href":"https:\/\/emadvocatsiassessors.com\/es\/wp-json\/wp\/v2\/pages\/2849"}],"collection":[{"href":"https:\/\/emadvocatsiassessors.com\/es\/wp-json\/wp\/v2\/pages"}],"about":[{"href":"https:\/\/emadvocatsiassessors.com\/es\/wp-json\/wp\/v2\/types\/page"}],"author":[{"embeddable":true,"href":"https:\/\/emadvocatsiassessors.com\/es\/wp-json\/wp\/v2\/users\/1"}],"replies":[{"embeddable":true,"href":"https:\/\/emadvocatsiassessors.com\/es\/wp-json\/wp\/v2\/comments?post=2849"}],"version-history":[{"count":5,"href":"https:\/\/emadvocatsiassessors.com\/es\/wp-json\/wp\/v2\/pages\/2849\/revisions"}],"predecessor-version":[{"id":3291,"href":"https:\/\/emadvocatsiassessors.com\/es\/wp-json\/wp\/v2\/pages\/2849\/revisions\/3291"}],"wp:featuredmedia":[{"embeddable":true,"href":"https:\/\/emadvocatsiassessors.com\/es\/wp-json\/wp\/v2\/media\/3050"}],"wp:attachment":[{"href":"https:\/\/emadvocatsiassessors.com\/es\/wp-json\/wp\/v2\/media?parent=2849"}],"curies":[{"name":"wp","href":"https:\/\/api.w.org\/{rel}","templated":true}]}}