{"id":706,"date":"2015-10-09T08:06:06","date_gmt":"2015-10-09T08:06:06","guid":{"rendered":"http:\/\/tn.joomexp.com\/wordpress\/wp-trust\/?page_id=706"},"modified":"2022-02-08T16:04:14","modified_gmt":"2022-02-08T14:04:14","slug":"equipo","status":"publish","type":"page","link":"https:\/\/emadvocatsiassessors.com\/es\/equipo\/","title":{"rendered":"Equipo"},"content":{"rendered":"<p>[vc_section full_width=&#8221;stretch_row&#8221; content_placement=&#8221;middle&#8221; el_class=&#8221;beige-bgnd&#8221;][vc_row content_placement=&#8221;middle&#8221; css=&#8221;.vc_custom_1622577665188{padding-top: 1% !important;padding-bottom: 1% !important;}&#8221;][vc_column css=&#8221;.vc_custom_1622577727129{padding-top: 5% !important;padding-bottom: 5% !important;}&#8221;][vc_empty_space height=&#8221;50px&#8221;][vc_text_separator title=&#8221;QUIENES SOMOS&#8221; title_align=&#8221;separator_align_right&#8221; align=&#8221;align_left&#8221; color=&#8221;black&#8221; border_width=&#8221;2&#8243; el_width=&#8221;30&#8243;][vc_empty_space height=&#8221;50px&#8221;][vc_row_inner custom_responsive=&#8221;small-1-column&#8221;][vc_column_inner width=&#8221;1\/6&#8243;][\/vc_column_inner][vc_column_inner width=&#8221;2\/3&#8243;][vc_column_text]EM ADVOCATS y ASSESSORS es un despacho dedicado exclusivamente al Derecho Civil y al Derecho Contencioso Administrativo, prestando asesoramiento y ejerciendo ante los Tribunales la defensa de los intereses tanto de las personas f\u00edsicas como jur\u00eddicas.<\/p>\n<p>La larga trayectoria profesional de los abogados que integran la firma ha permitido que \u00e9stos adquieran una consolidada experiencia y es que la especializaci\u00f3n jur\u00eddica es imprescindible para conseguir la excelencia y la \u00f3ptima defensa de los intereses de nuestros clientes.<\/p>\n<p>Conscientes de la transcedencia que tiene para las personas la implicaci\u00f3n en cualquier procedimiento judicial, el despacho, junto con un trabajo jur\u00eddico riguroso, profesional y de calidad, ofrece a sus clientes una atenci\u00f3n cercana, permanente y cont\u00ednua, con la finalidad de que el cliente no solo conozca puntualmente la evoluci\u00f3n de su procedimiento sin\u00f3 que tambien, pueda plantear sus dudas y preocupaciones con total confianza y confidencialidad.[\/vc_column_text][vc_empty_space height=&#8221;30px&#8221;][\/vc_column_inner][vc_column_inner width=&#8221;1\/6&#8243;][\/vc_column_inner][\/vc_row_inner][\/vc_column][\/vc_row][\/vc_section][vc_section full_width=&#8221;stretch_row&#8221; content_placement=&#8221;middle&#8221; css=&#8221;.vc_custom_1622577763477{background-color: #e7d4c7 !important;}&#8221; el_class=&#8221;pink-bgnd&#8221;][vc_row content_placement=&#8221;middle&#8221; css=&#8221;.vc_custom_1622577665188{padding-top: 1% !important;padding-bottom: 1% !important;}&#8221;][vc_column css=&#8221;.vc_custom_1622577727129{padding-top: 5% !important;padding-bottom: 5% !important;}&#8221;][vc_empty_space height=&#8221;50px&#8221;][vc_text_separator title=&#8221;Socias&#8221; title_align=&#8221;separator_align_right&#8221; align=&#8221;align_left&#8221; color=&#8221;black&#8221; border_width=&#8221;2&#8243; el_width=&#8221;30&#8243;][vc_empty_space height=&#8221;30px&#8221;][\/vc_column][\/vc_row][\/vc_section][vc_row full_width=&#8221;stretch_row&#8221; el_class=&#8221;beige-bgnd&#8221;][vc_column width=&#8221;1\/3&#8243;][vc_single_image image=&#8221;3241&#8243; img_size=&#8221;full&#8221;][vc_empty_space el_class=&#8221;display-sm&#8221;][\/vc_column][vc_column width=&#8221;2\/3&#8243; el_class=&#8221;espai-esq&#8221;][vc_column_text el_class=&#8221;soci-nom&#8221;]Esther Moreno Pareja[\/vc_column_text][vc_column_text el_class=&#8221;soci-carrec&#8221;]Abogada \u2013 Socia Directora[\/vc_column_text][vc_empty_space height=&#8221;30px&#8221;][vc_column_text el_class=&#8221;texto-equipo-humano&#8221;]Abogada miembro del Ilustre Colegio de Abogados de Girona desde el a\u00f1o 2009 (colegiada 3159). Anteriormente, miembro del Ilustre Colegio de Abogados de Barcelona desde el a\u00f1o 2004 (colegiada 31567).<\/p>\n<p>Licenciada en Derecho por la Universidad Pompeu Fabra de Barcelona en el a\u00f1o 2004. Postgrado en Derecho Urban\u00edstico por la Universidad de Girona en el a\u00f1o 2009. Curso de especializaci\u00f3n en Derecho Matrimonial Can\u00f3nico en el a\u00f1o 2018 (habilitada para actuar ante los tribunales eclesi\u00e1sticos espa\u00f1oles).<\/p>\n<p>Abogada inscrita en el servicio del Turno de Oficio de la prov\u00edncia de Girona en el \u00e1mbito civil desde el a\u00f1o 2011.<\/p>\n<p>Est\u00e1 especialitzada en Derecho procesal civil, Derecho de fam\u00edlia y sucesiones, Derecho bancario y Derecho urban\u00edstico y administrativo. Con una amplia experiencia en negociaciones tanto judiciales como extrajudiciales.[\/vc_column_text][vc_empty_space height=&#8221;50px&#8221; el_class=&#8221;display-sm&#8221;][\/vc_column][\/vc_row][vc_row full_width=&#8221;stretch_row&#8221; css=&#8221;.vc_custom_1512133263454{background-color: #efefef !important;}&#8221;][vc_column][vc_empty_space height=&#8221;60px&#8221;][\/vc_column][\/vc_row][vc_row][vc_column][vc_column_text]<br \/>\n[\/vc_column_text][\/vc_column][\/vc_row][vc_section full_width=&#8221;stretch_row&#8221; content_placement=&#8221;middle&#8221; css=&#8221;.vc_custom_1622630902763{background-position: center !important;background-repeat: no-repeat !important;background-size: cover !important;}&#8221; el_class=&#8221;marbre-bgnd&#8221;][vc_row content_placement=&#8221;middle&#8221; css=&#8221;.vc_custom_1622577665188{padding-top: 1% !important;padding-bottom: 1% !important;}&#8221;][vc_column css=&#8221;.vc_custom_1622577727129{padding-top: 5% !important;padding-bottom: 5% !important;}&#8221;][vc_empty_space height=&#8221;50px&#8221;][vc_text_separator title=&#8221;Contactanos&#8221; title_align=&#8221;separator_align_right&#8221; align=&#8221;align_left&#8221; color=&#8221;black&#8221; border_width=&#8221;2&#8243; el_width=&#8221;30&#8243;][vc_empty_space height=&#8221;50px&#8221;][\/vc_column][\/vc_row][vc_row][vc_column]<div role=\"form\" class=\"wpcf7\" id=\"wpcf7-f2523-o1\" lang=\"en-US\" dir=\"ltr\">\n<div class=\"screen-reader-response\"><p role=\"status\" aria-live=\"polite\" aria-atomic=\"true\"><\/p> <ul><\/ul><\/div>\n<form action=\"\/es\/wp-json\/wp\/v2\/pages\/706#wpcf7-f2523-o1\" method=\"post\" class=\"wpcf7-form init wpcf7-acceptance-as-validation\" novalidate=\"novalidate\" data-status=\"init\">\n<div style=\"display: none;\">\n<input type=\"hidden\" name=\"_wpcf7\" value=\"2523\" \/>\n<input type=\"hidden\" name=\"_wpcf7_version\" value=\"5.4.2\" \/>\n<input type=\"hidden\" name=\"_wpcf7_locale\" value=\"en_US\" \/>\n<input type=\"hidden\" name=\"_wpcf7_unit_tag\" value=\"wpcf7-f2523-o1\" \/>\n<input type=\"hidden\" name=\"_wpcf7_container_post\" value=\"0\" \/>\n<input type=\"hidden\" name=\"_wpcf7_posted_data_hash\" value=\"\" \/>\n<\/div>\n<div class=\"form-practice\">\n<div class=\"row\">\n<div class=\"col-xs-12 col-sm-4 col-md-4 col-lg-4\">\n<div class=\"wpcf7-form-item\"><span class=\"wpcf7-form-control-wrap nom\"><input type=\"text\" name=\"nom\" value=\"\" size=\"40\" class=\"wpcf7-form-control wpcf7-text wpcf7-validates-as-required\" aria-required=\"true\" aria-invalid=\"false\" placeholder=\"NOMBRE\" \/><\/span><\/div>\n<\/div>\n<div class=\"col-xs-12 col-sm-4 col-md-4 col-lg-4\">\n<div class=\"wpcf7-form-item\"><span class=\"wpcf7-form-control-wrap email\"><input type=\"email\" name=\"email\" value=\"\" size=\"40\" class=\"wpcf7-form-control wpcf7-text wpcf7-email wpcf7-validates-as-required wpcf7-validates-as-email\" aria-required=\"true\" aria-invalid=\"false\" placeholder=\"EMAIL\" \/><\/span><\/div>\n<\/div>\n<div class=\"col-xs-12 col-sm-4 col-md-4 col-lg-4 cms-select\">\n<div class=\"wpcf7-form-item\"><span class=\"wpcf7-form-control-wrap departamento\"><select name=\"departamento\" class=\"wpcf7-form-control wpcf7-select\" aria-invalid=\"false\"><option value=\"\u00c1rea civil\">\u00c1rea civil<\/option><option value=\"\u00c1rea contenciosa administrativa\">\u00c1rea contenciosa administrativa<\/option><option value=\"\u00c1rea banc\u00e0ria\">\u00c1rea banc\u00e0ria<\/option><\/select><\/span><\/div>\n<\/div>\n<\/div>\n<div class=\"row\">\n<div class=\"col-xs-12 col-sm-12 col-md-12 col-lg-12 clearfix\">\n<div class=\"wpcf7-form-item\"><span class=\"wpcf7-form-control-wrap mensaje\"><textarea name=\"mensaje\" cols=\"40\" rows=\"10\" class=\"wpcf7-form-control wpcf7-textarea wpcf7-validates-as-required\" aria-required=\"true\" aria-invalid=\"false\" placeholder=\"MENSAJE\"><\/textarea><\/span><\/div>\n<\/div>\n<\/div>\n<div class=\"row\">\n<div class=\"col-xs-12 col-sm-4 col-md-3 col-lg-3\" style=\"padding-right: 30px;\">\n             <input type=\"submit\" value=\"Enviar\" class=\"wpcf7-form-control wpcf7-submit btn btn-primary btn-lg\" \/>\n      <\/div>\n<div class=\"col-xs-12 col-sm-8 col-md-9 col-lg-9\" style=\"border-left: 1px solid #e5e4e4;padding-bottom: 8px;padding-left: 30px;\">El env\u00edo de este formulario implica la aceptaci\u00f3n de la <a href=\"https:\/\/emadvocatsiassessors.com\/avis-legal\/\" target=\"_blank\"> Aviso legal y Pol\u00edtica de Privacidad <\/a> de esta web. <br\/> Nos comprometemos a contestar sus dudas en el plazo m\u00e1ximo de 48 horas para garantizar la resoluci\u00f3n de sus inquietudes y necesidades.<\/div>\n<\/div>\n<\/div>\n<div class=\"wpcf7-response-output\" aria-hidden=\"true\"><\/div><\/form><\/div>[vc_empty_space height=&#8221;50px&#8221;][\/vc_column][\/vc_row][\/vc_section]<\/p>\n","protected":false},"excerpt":{"rendered":"<p>[vc_section full_width=&#8221;stretch_row&#8221; content_placement=&#8221;middle&#8221; el_class=&#8221;beige-bgnd&#8221;][vc_row content_placement=&#8221;middle&#8221; css=&#8221;.vc_custom_1622577665188{padding-top: 1% !important;padding-bottom: 1% !important;}&#8221;][vc_column css=&#8221;.vc_custom_1622577727129{padding-top: 5% !important;padding-bottom: 5% !important;}&#8221;][vc_empty_space height=&#8221;50px&#8221;][vc_text_separator title=&#8221;QUIENES SOMOS&#8221; title_align=&#8221;separator_align_right&#8221; align=&#8221;align_left&#8221; color=&#8221;black&#8221; border_width=&#8221;2&#8243; el_width=&#8221;30&#8243;][vc_empty_space height=&#8221;50px&#8221;][vc_row_inner custom_responsive=&#8221;small-1-column&#8221;][vc_column_inner width=&#8221;1\/6&#8243;][\/vc_column_inner][vc_column_inner width=&#8221;2\/3&#8243;][vc_column_text]EM ADVOCATS y ASSESSORS es un despacho dedicado exclusivamente al Derecho Civil y al Derecho Contencioso Administrativo, prestando asesoramiento y ejerciendo ante los Tribunales la defensa de los intereses [&hellip;]<\/p>\n","protected":false},"author":1,"featured_media":0,"parent":0,"menu_order":0,"comment_status":"closed","ping_status":"closed","template":"","meta":[],"yoast_head":"<!-- This site is optimized with the Yoast SEO plugin v17.1 - https:\/\/yoast.com\/wordpress\/plugins\/seo\/ -->\n<title>EM ADVOCATS y ASSESSORS \u00b7 Equipo de abogados<\/title>\n<meta name=\"description\" content=\"EM ADVOCATS I ASSESSORS es un despacho dedicado exclusivamente al Derecho Civil y al Derecho Contencioso Administrativo. Conoce aqu\u00ed al equipo.\" \/>\n<meta name=\"robots\" content=\"index, follow, max-snippet:-1, max-image-preview:large, max-video-preview:-1\" \/>\n<link rel=\"canonical\" href=\"https:\/\/emadvocatsiassessors.com\/es\/equipo\/\" \/>\n<meta property=\"og:locale\" content=\"es_ES\" \/>\n<meta property=\"og:type\" content=\"article\" \/>\n<meta property=\"og:title\" content=\"EM ADVOCATS y ASSESSORS \u00b7 Equipo de abogados\" \/>\n<meta property=\"og:description\" content=\"EM ADVOCATS I ASSESSORS es un despacho dedicado exclusivamente al Derecho Civil y al Derecho Contencioso Administrativo. Conoce aqu\u00ed al equipo.\" \/>\n<meta property=\"og:url\" content=\"https:\/\/emadvocatsiassessors.com\/es\/equipo\/\" \/>\n<meta property=\"og:site_name\" content=\"Em advocats\" \/>\n<meta property=\"article:modified_time\" content=\"2022-02-08T14:04:14+00:00\" \/>\n<meta property=\"og:image\" content=\"https:\/\/emadvocatsiassessors.com\/wp-content\/uploads\/2021\/07\/nosaltres-homepage.jpg\" \/>\n\t<meta property=\"og:image:width\" content=\"1000\" \/>\n\t<meta property=\"og:image:height\" content=\"877\" \/>\n<meta name=\"twitter:card\" content=\"summary_large_image\" \/>\n<meta name=\"twitter:label1\" content=\"Tiempo de lectura\" \/>\n\t<meta name=\"twitter:data1\" content=\"3 minutos\" \/>\n<script type=\"application\/ld+json\" class=\"yoast-schema-graph\">{\"@context\":\"https:\/\/schema.org\",\"@graph\":[{\"@type\":\"WebSite\",\"@id\":\"https:\/\/emadvocatsiassessors.com\/#website\",\"url\":\"https:\/\/emadvocatsiassessors.com\/\",\"name\":\"Em advocats\",\"description\":\"Dret Civil i Administratiu a Girona\",\"potentialAction\":[{\"@type\":\"SearchAction\",\"target\":{\"@type\":\"EntryPoint\",\"urlTemplate\":\"https:\/\/emadvocatsiassessors.com\/?s={search_term_string}\"},\"query-input\":\"required name=search_term_string\"}],\"inLanguage\":\"es\"},{\"@type\":\"WebPage\",\"@id\":\"https:\/\/emadvocatsiassessors.com\/es\/equipo\/#webpage\",\"url\":\"https:\/\/emadvocatsiassessors.com\/es\/equipo\/\",\"name\":\"EM ADVOCATS y ASSESSORS \\u00b7 Equipo de abogados\",\"isPartOf\":{\"@id\":\"https:\/\/emadvocatsiassessors.com\/#website\"},\"datePublished\":\"2015-10-09T08:06:06+00:00\",\"dateModified\":\"2022-02-08T14:04:14+00:00\",\"description\":\"EM ADVOCATS I ASSESSORS es un despacho dedicado exclusivamente al Derecho Civil y al Derecho Contencioso Administrativo. Conoce aqu\\u00ed al equipo.\",\"breadcrumb\":{\"@id\":\"https:\/\/emadvocatsiassessors.com\/es\/equipo\/#breadcrumb\"},\"inLanguage\":\"es\",\"potentialAction\":[{\"@type\":\"ReadAction\",\"target\":[\"https:\/\/emadvocatsiassessors.com\/es\/equipo\/\"]}]},{\"@type\":\"BreadcrumbList\",\"@id\":\"https:\/\/emadvocatsiassessors.com\/es\/equipo\/#breadcrumb\",\"itemListElement\":[{\"@type\":\"ListItem\",\"position\":1,\"name\":\"Portada\",\"item\":\"https:\/\/emadvocatsiassessors.com\/es\/\"},{\"@type\":\"ListItem\",\"position\":2,\"name\":\"Equipo\"}]}]}<\/script>\n<!-- \/ Yoast SEO plugin. -->","yoast_head_json":{"title":"EM ADVOCATS y ASSESSORS \u00b7 Equipo de abogados","description":"EM ADVOCATS I ASSESSORS es un despacho dedicado exclusivamente al Derecho Civil y al Derecho Contencioso Administrativo. Conoce aqu\u00ed al equipo.","robots":{"index":"index","follow":"follow","max-snippet":"max-snippet:-1","max-image-preview":"max-image-preview:large","max-video-preview":"max-video-preview:-1"},"canonical":"https:\/\/emadvocatsiassessors.com\/es\/equipo\/","og_locale":"es_ES","og_type":"article","og_title":"EM ADVOCATS y ASSESSORS \u00b7 Equipo de abogados","og_description":"EM ADVOCATS I ASSESSORS es un despacho dedicado exclusivamente al Derecho Civil y al Derecho Contencioso Administrativo. Conoce aqu\u00ed al equipo.","og_url":"https:\/\/emadvocatsiassessors.com\/es\/equipo\/","og_site_name":"Em advocats","article_modified_time":"2022-02-08T14:04:14+00:00","og_image":[{"width":1000,"height":877,"url":"https:\/\/emadvocatsiassessors.com\/wp-content\/uploads\/2021\/07\/nosaltres-homepage.jpg","path":"\/srv\/vhost\/emadvocatsiassessors.com\/home\/html\/wp-content\/uploads\/2021\/07\/nosaltres-homepage.jpg","size":"full","id":3235,"alt":"EM ADVOCATS I ASSESSORS \u00e9s un despatx dedicat exclusivament al Dret Civil i al Dret Contenci\u00f3s Administratiu,","pixels":877000,"type":"image\/jpeg"}],"twitter_card":"summary_large_image","twitter_misc":{"Tiempo de lectura":"3 minutos"},"schema":{"@context":"https:\/\/schema.org","@graph":[{"@type":"WebSite","@id":"https:\/\/emadvocatsiassessors.com\/#website","url":"https:\/\/emadvocatsiassessors.com\/","name":"Em advocats","description":"Dret Civil i Administratiu a Girona","potentialAction":[{"@type":"SearchAction","target":{"@type":"EntryPoint","urlTemplate":"https:\/\/emadvocatsiassessors.com\/?s={search_term_string}"},"query-input":"required name=search_term_string"}],"inLanguage":"es"},{"@type":"WebPage","@id":"https:\/\/emadvocatsiassessors.com\/es\/equipo\/#webpage","url":"https:\/\/emadvocatsiassessors.com\/es\/equipo\/","name":"EM ADVOCATS y ASSESSORS \u00b7 Equipo de abogados","isPartOf":{"@id":"https:\/\/emadvocatsiassessors.com\/#website"},"datePublished":"2015-10-09T08:06:06+00:00","dateModified":"2022-02-08T14:04:14+00:00","description":"EM ADVOCATS I ASSESSORS es un despacho dedicado exclusivamente al Derecho Civil y al Derecho Contencioso Administrativo. Conoce aqu\u00ed al equipo.","breadcrumb":{"@id":"https:\/\/emadvocatsiassessors.com\/es\/equipo\/#breadcrumb"},"inLanguage":"es","potentialAction":[{"@type":"ReadAction","target":["https:\/\/emadvocatsiassessors.com\/es\/equipo\/"]}]},{"@type":"BreadcrumbList","@id":"https:\/\/emadvocatsiassessors.com\/es\/equipo\/#breadcrumb","itemListElement":[{"@type":"ListItem","position":1,"name":"Portada","item":"https:\/\/emadvocatsiassessors.com\/es\/"},{"@type":"ListItem","position":2,"name":"Equipo"}]}]}},"_links":{"self":[{"href":"https:\/\/emadvocatsiassessors.com\/es\/wp-json\/wp\/v2\/pages\/706"}],"collection":[{"href":"https:\/\/emadvocatsiassessors.com\/es\/wp-json\/wp\/v2\/pages"}],"about":[{"href":"https:\/\/emadvocatsiassessors.com\/es\/wp-json\/wp\/v2\/types\/page"}],"author":[{"embeddable":true,"href":"https:\/\/emadvocatsiassessors.com\/es\/wp-json\/wp\/v2\/users\/1"}],"replies":[{"embeddable":true,"href":"https:\/\/emadvocatsiassessors.com\/es\/wp-json\/wp\/v2\/comments?post=706"}],"version-history":[{"count":52,"href":"https:\/\/emadvocatsiassessors.com\/es\/wp-json\/wp\/v2\/pages\/706\/revisions"}],"predecessor-version":[{"id":3307,"href":"https:\/\/emadvocatsiassessors.com\/es\/wp-json\/wp\/v2\/pages\/706\/revisions\/3307"}],"wp:attachment":[{"href":"https:\/\/emadvocatsiassessors.com\/es\/wp-json\/wp\/v2\/media?parent=706"}],"curies":[{"name":"wp","href":"https:\/\/api.w.org\/{rel}","templated":true}]}}