{"id":867,"date":"2015-10-23T16:23:52","date_gmt":"2015-10-23T16:23:52","guid":{"rendered":"http:\/\/tn.joomexp.com\/wordpress\/wp-trust\/?page_id=867"},"modified":"2022-02-08T16:42:01","modified_gmt":"2022-02-08T14:42:01","slug":"inicio-2","status":"publish","type":"page","link":"https:\/\/emadvocatsiassessors.com\/es\/","title":{"rendered":"Inicio"},"content":{"rendered":"<p>[vc_row][vc_column][rev_slider_vc alias=&#8221;slider-new-es&#8221;][\/vc_column][\/vc_row][vc_section full_width=&#8221;stretch_row&#8221; content_placement=&#8221;middle&#8221; el_class=&#8221;beige-bgnd&#8221;][vc_row content_placement=&#8221;middle&#8221; css=&#8221;.vc_custom_1622577665188{padding-top: 1% !important;padding-bottom: 1% !important;}&#8221;][vc_column width=&#8221;2\/3&#8243; css=&#8221;.vc_custom_1622577727129{padding-top: 5% !important;padding-bottom: 5% !important;}&#8221;][vc_empty_space height=&#8221;50px&#8221;][vc_text_separator title=&#8221;nosotras&#8221; title_align=&#8221;separator_align_right&#8221; align=&#8221;align_left&#8221; color=&#8221;black&#8221; border_width=&#8221;2&#8243; el_width=&#8221;30&#8243;][vc_empty_space height=&#8221;50px&#8221;][vc_column_text el_class=&#8221;espai-dreta&#8221;]EM ADVOCATS y ASSESSORS es un despacho dedicado exclusivamente al Derecho Civil y al Derecho Contencioso Administrativo, que ofrece un servicio global de asesoramiento en las citadas materias a particulares, empresas y entidades, siendo nuestra principal caracter\u00edstica, la especializaci\u00f3n y actualizaci\u00f3n jur\u00eddica constante, el trato personalizado y adaptado a las necesidades concretas de cada cliente, actuando siempre con la m\u00e1xima discreci\u00f3n y confidencialidad.[\/vc_column_text][vc_empty_space height=&#8221;50px&#8221;][\/vc_column][vc_column width=&#8221;1\/3&#8243;][vc_empty_space height=&#8221;60px&#8221; el_class=&#8221;display-sm&#8221;][vc_single_image image=&#8221;3318&#8243; img_size=&#8221;full&#8221; alignment=&#8221;right&#8221;][\/vc_column][\/vc_row][\/vc_section][vc_section full_width=&#8221;stretch_row&#8221; content_placement=&#8221;middle&#8221; css=&#8221;.vc_custom_1622577763477{background-color: #e7d4c7 !important;}&#8221; el_class=&#8221;pink-bgnd&#8221;][vc_row content_placement=&#8221;middle&#8221; css=&#8221;.vc_custom_1622577665188{padding-top: 1% !important;padding-bottom: 1% !important;}&#8221;][vc_column css=&#8221;.vc_custom_1622577727129{padding-top: 5% !important;padding-bottom: 5% !important;}&#8221;][vc_empty_space height=&#8221;50px&#8221;][vc_text_separator title=&#8221;Servicios&#8221; title_align=&#8221;separator_align_right&#8221; align=&#8221;align_left&#8221; color=&#8221;black&#8221; border_width=&#8221;2&#8243; el_width=&#8221;30&#8243;][vc_empty_space height=&#8221;50px&#8221;][\/vc_column][\/vc_row][vc_row][vc_column width=&#8221;1\/3&#8243;][vc_single_image image=&#8221;3049&#8243; img_size=&#8221;full&#8221;][vc_empty_space height=&#8221;50px&#8221;][vc_column_text]<\/p>\n<h5>\u00c1rea civil<\/h5>\n<p>Derecho Civil \u00b7 Derecho Matrimonial y Familia \u00b7 Derecho de Sucesiones \u00b7 Derecho de Da\u00f1os \u00b7 Derecho Inmobiliario.<\/p>\n<p>&nbsp;<\/p>\n<p><a href=\"\/es\/area-civil\/\">m\u00e1s info<\/a>[\/vc_column_text][vc_empty_space height=&#8221;70px&#8221;][\/vc_column][vc_column width=&#8221;1\/3&#8243;][vc_single_image image=&#8221;3047&#8243; img_size=&#8221;full&#8221;][vc_empty_space height=&#8221;50px&#8221;][vc_column_text]<\/p>\n<h5>\u00c1rea contenciosa administrativa<\/h5>\n<p>Derecho Administrativo.<\/p>\n<p>&nbsp;<\/p>\n<p><a href=\"\/es\/area-contenciosa-administrativa\/\">m\u00e1s info<\/a>[\/vc_column_text][vc_empty_space height=&#8221;70px&#8221;][\/vc_column][vc_column width=&#8221;1\/3&#8243;][vc_single_image image=&#8221;3043&#8243; img_size=&#8221;full&#8221;][vc_empty_space height=&#8221;50px&#8221;][vc_column_text]<\/p>\n<h5>\u00c1rea bancaria<\/h5>\n<p>Derecho Bancario.<\/p>\n<p>&nbsp;<\/p>\n<p><a href=\"\/es\/area-bancaria\/\">m\u00e1s info<\/a>[\/vc_column_text][vc_empty_space height=&#8221;50px&#8221;][\/vc_column][\/vc_row][\/vc_section][vc_section full_width=&#8221;stretch_row&#8221; content_placement=&#8221;middle&#8221; el_class=&#8221;beige-bgnd&#8221;][vc_row content_placement=&#8221;middle&#8221; css=&#8221;.vc_custom_1622577665188{padding-top: 1% !important;padding-bottom: 1% !important;}&#8221;][vc_column css=&#8221;.vc_custom_1622577727129{padding-top: 5% !important;padding-bottom: 5% !important;}&#8221;][vc_empty_space height=&#8221;50px&#8221;][vc_text_separator title=&#8221;Noticias&#8221; title_align=&#8221;separator_align_right&#8221; align=&#8221;align_left&#8221; color=&#8221;black&#8221; border_width=&#8221;2&#8243; el_width=&#8221;30&#8243;][vc_empty_space height=&#8221;50px&#8221;][\/vc_column][\/vc_row][vc_row gap=&#8221;35&#8243;][vc_column][cms_carousel xsmall_items=&#8221;1&#8243; small_items=&#8221;2&#8243; medium_items=&#8221;2&#8243; large_items=&#8221;4&#8243; margin=&#8221;30&#8243; nav=&#8221;false&#8221; dots=&#8221;false&#8221; autoplay=&#8221;false&#8221; source=&#8221;size:4|order_by:date|post_type:post&#8221; cms_template=&#8221;cms_carousel&#8211;layout-blog1.php&#8221;][vc_empty_space height=&#8221;40px&#8221;][cms_button button_text=&#8221;todas las noticias&#8221; link_button=&#8221;es\/noticias\/&#8221;][vc_empty_space height=&#8221;40px&#8221;][\/vc_column][\/vc_row][\/vc_section][vc_section full_width=&#8221;stretch_row&#8221; content_placement=&#8221;middle&#8221; css=&#8221;.vc_custom_1622630902763{background-position: center !important;background-repeat: no-repeat !important;background-size: cover !important;}&#8221; el_class=&#8221;marbre-bgnd&#8221;][vc_row content_placement=&#8221;middle&#8221; css=&#8221;.vc_custom_1622577665188{padding-top: 1% !important;padding-bottom: 1% !important;}&#8221;][vc_column css=&#8221;.vc_custom_1622577727129{padding-top: 5% !important;padding-bottom: 5% !important;}&#8221;][vc_empty_space height=&#8221;50px&#8221;][vc_text_separator title=&#8221;cont\u00e1ctanos&#8221; title_align=&#8221;separator_align_right&#8221; align=&#8221;align_left&#8221; color=&#8221;black&#8221; border_width=&#8221;2&#8243; el_width=&#8221;30&#8243;][vc_empty_space height=&#8221;50px&#8221;][\/vc_column][\/vc_row][vc_row][vc_column]<div role=\"form\" class=\"wpcf7\" id=\"wpcf7-f2523-o1\" lang=\"en-US\" dir=\"ltr\">\n<div class=\"screen-reader-response\"><p role=\"status\" aria-live=\"polite\" aria-atomic=\"true\"><\/p> <ul><\/ul><\/div>\n<form action=\"\/es\/wp-json\/wp\/v2\/pages\/867#wpcf7-f2523-o1\" method=\"post\" class=\"wpcf7-form init wpcf7-acceptance-as-validation\" novalidate=\"novalidate\" data-status=\"init\">\n<div style=\"display: none;\">\n<input type=\"hidden\" name=\"_wpcf7\" value=\"2523\" \/>\n<input type=\"hidden\" name=\"_wpcf7_version\" value=\"5.4.2\" \/>\n<input type=\"hidden\" name=\"_wpcf7_locale\" value=\"en_US\" \/>\n<input type=\"hidden\" name=\"_wpcf7_unit_tag\" value=\"wpcf7-f2523-o1\" \/>\n<input type=\"hidden\" name=\"_wpcf7_container_post\" value=\"0\" \/>\n<input type=\"hidden\" name=\"_wpcf7_posted_data_hash\" value=\"\" \/>\n<\/div>\n<div class=\"form-practice\">\n<div class=\"row\">\n<div class=\"col-xs-12 col-sm-4 col-md-4 col-lg-4\">\n<div class=\"wpcf7-form-item\"><span class=\"wpcf7-form-control-wrap nom\"><input type=\"text\" name=\"nom\" value=\"\" size=\"40\" class=\"wpcf7-form-control wpcf7-text wpcf7-validates-as-required\" aria-required=\"true\" aria-invalid=\"false\" placeholder=\"NOMBRE\" \/><\/span><\/div>\n<\/div>\n<div class=\"col-xs-12 col-sm-4 col-md-4 col-lg-4\">\n<div class=\"wpcf7-form-item\"><span class=\"wpcf7-form-control-wrap email\"><input type=\"email\" name=\"email\" value=\"\" size=\"40\" class=\"wpcf7-form-control wpcf7-text wpcf7-email wpcf7-validates-as-required wpcf7-validates-as-email\" aria-required=\"true\" aria-invalid=\"false\" placeholder=\"EMAIL\" \/><\/span><\/div>\n<\/div>\n<div class=\"col-xs-12 col-sm-4 col-md-4 col-lg-4 cms-select\">\n<div class=\"wpcf7-form-item\"><span class=\"wpcf7-form-control-wrap departamento\"><select name=\"departamento\" class=\"wpcf7-form-control wpcf7-select\" aria-invalid=\"false\"><option value=\"\u00c1rea civil\">\u00c1rea civil<\/option><option value=\"\u00c1rea contenciosa administrativa\">\u00c1rea contenciosa administrativa<\/option><option value=\"\u00c1rea banc\u00e0ria\">\u00c1rea banc\u00e0ria<\/option><\/select><\/span><\/div>\n<\/div>\n<\/div>\n<div class=\"row\">\n<div class=\"col-xs-12 col-sm-12 col-md-12 col-lg-12 clearfix\">\n<div class=\"wpcf7-form-item\"><span class=\"wpcf7-form-control-wrap mensaje\"><textarea name=\"mensaje\" cols=\"40\" rows=\"10\" class=\"wpcf7-form-control wpcf7-textarea wpcf7-validates-as-required\" aria-required=\"true\" aria-invalid=\"false\" placeholder=\"MENSAJE\"><\/textarea><\/span><\/div>\n<\/div>\n<\/div>\n<div class=\"row\">\n<div class=\"col-xs-12 col-sm-4 col-md-3 col-lg-3\" style=\"padding-right: 30px;\">\n             <input type=\"submit\" value=\"Enviar\" class=\"wpcf7-form-control wpcf7-submit btn btn-primary btn-lg\" \/>\n      <\/div>\n<div class=\"col-xs-12 col-sm-8 col-md-9 col-lg-9\" style=\"border-left: 1px solid #e5e4e4;padding-bottom: 8px;padding-left: 30px;\">El env\u00edo de este formulario implica la aceptaci\u00f3n de la <a href=\"https:\/\/emadvocatsiassessors.com\/avis-legal\/\" target=\"_blank\"> Aviso legal y Pol\u00edtica de Privacidad <\/a> de esta web. <br\/> Nos comprometemos a contestar sus dudas en el plazo m\u00e1ximo de 48 horas para garantizar la resoluci\u00f3n de sus inquietudes y necesidades.<\/div>\n<\/div>\n<\/div>\n<div class=\"wpcf7-response-output\" aria-hidden=\"true\"><\/div><\/form><\/div>[vc_empty_space height=&#8221;50px&#8221;][\/vc_column][\/vc_row][\/vc_section]<\/p>\n","protected":false},"excerpt":{"rendered":"<p>[vc_row][vc_column][rev_slider_vc alias=&#8221;slider-new-es&#8221;][\/vc_column][\/vc_row][vc_section full_width=&#8221;stretch_row&#8221; content_placement=&#8221;middle&#8221; el_class=&#8221;beige-bgnd&#8221;][vc_row content_placement=&#8221;middle&#8221; css=&#8221;.vc_custom_1622577665188{padding-top: 1% !important;padding-bottom: 1% !important;}&#8221;][vc_column width=&#8221;2\/3&#8243; css=&#8221;.vc_custom_1622577727129{padding-top: 5% !important;padding-bottom: 5% !important;}&#8221;][vc_empty_space height=&#8221;50px&#8221;][vc_text_separator title=&#8221;nosotras&#8221; title_align=&#8221;separator_align_right&#8221; align=&#8221;align_left&#8221; color=&#8221;black&#8221; border_width=&#8221;2&#8243; el_width=&#8221;30&#8243;][vc_empty_space height=&#8221;50px&#8221;][vc_column_text el_class=&#8221;espai-dreta&#8221;]EM ADVOCATS y ASSESSORS es un despacho dedicado exclusivamente al Derecho Civil y al Derecho Contencioso Administrativo, que ofrece un servicio global de asesoramiento en las citadas materias a particulares, [&hellip;]<\/p>\n","protected":false},"author":1,"featured_media":3230,"parent":0,"menu_order":0,"comment_status":"closed","ping_status":"closed","template":"","meta":[],"yoast_head":"<!-- This site is optimized with the Yoast SEO plugin v17.1 - https:\/\/yoast.com\/wordpress\/plugins\/seo\/ -->\n<title>EM ADVOCATS y ASSESSORS \u00b7 Derecho Civil y Administrativo<\/title>\n<meta name=\"description\" content=\"EM ADVOCATS y ASSESSORS es un despacho dedicado al Derecho Civil y al Derecho Contencioso Administrativo dirigido a particulares, empresas y entidades.\" \/>\n<meta name=\"robots\" content=\"index, follow, max-snippet:-1, max-image-preview:large, max-video-preview:-1\" \/>\n<link rel=\"canonical\" href=\"https:\/\/emadvocatsiassessors.com\/es\/\" \/>\n<meta property=\"og:locale\" content=\"es_ES\" \/>\n<meta property=\"og:type\" content=\"article\" \/>\n<meta property=\"og:title\" content=\"EM ADVOCATS y ASSESSORS \u00b7 Derecho Civil y Administrativo\" \/>\n<meta property=\"og:description\" content=\"EM ADVOCATS y ASSESSORS es un despacho dedicado al Derecho Civil y al Derecho Contencioso Administrativo dirigido a particulares, empresas y entidades.\" \/>\n<meta property=\"og:url\" content=\"https:\/\/emadvocatsiassessors.com\/es\/\" \/>\n<meta property=\"og:site_name\" content=\"Em advocats\" \/>\n<meta property=\"article:modified_time\" content=\"2022-02-08T14:42:01+00:00\" \/>\n<meta property=\"og:image\" content=\"https:\/\/emadvocatsiassessors.com\/wp-content\/uploads\/2021\/07\/foto-header.jpg\" \/>\n\t<meta property=\"og:image:width\" content=\"1900\" \/>\n\t<meta property=\"og:image:height\" content=\"950\" \/>\n<meta name=\"twitter:card\" content=\"summary_large_image\" \/>\n<meta name=\"twitter:label1\" content=\"Tiempo de lectura\" \/>\n\t<meta name=\"twitter:data1\" content=\"3 minutos\" \/>\n<script type=\"application\/ld+json\" class=\"yoast-schema-graph\">{\"@context\":\"https:\/\/schema.org\",\"@graph\":[{\"@type\":\"WebSite\",\"@id\":\"https:\/\/emadvocatsiassessors.com\/#website\",\"url\":\"https:\/\/emadvocatsiassessors.com\/\",\"name\":\"Em advocats\",\"description\":\"Dret Civil i Administratiu a Girona\",\"potentialAction\":[{\"@type\":\"SearchAction\",\"target\":{\"@type\":\"EntryPoint\",\"urlTemplate\":\"https:\/\/emadvocatsiassessors.com\/?s={search_term_string}\"},\"query-input\":\"required name=search_term_string\"}],\"inLanguage\":\"es\"},{\"@type\":\"ImageObject\",\"@id\":\"https:\/\/emadvocatsiassessors.com\/es\/#primaryimage\",\"inLanguage\":\"es\",\"url\":\"https:\/\/emadvocatsiassessors.com\/wp-content\/uploads\/2021\/07\/foto-header.jpg\",\"contentUrl\":\"https:\/\/emadvocatsiassessors.com\/wp-content\/uploads\/2021\/07\/foto-header.jpg\",\"width\":1900,\"height\":950,\"caption\":\"EM advocats i assessors\"},{\"@type\":\"WebPage\",\"@id\":\"https:\/\/emadvocatsiassessors.com\/es\/#webpage\",\"url\":\"https:\/\/emadvocatsiassessors.com\/es\/\",\"name\":\"EM ADVOCATS y ASSESSORS \\u00b7 Derecho Civil y Administrativo\",\"isPartOf\":{\"@id\":\"https:\/\/emadvocatsiassessors.com\/#website\"},\"primaryImageOfPage\":{\"@id\":\"https:\/\/emadvocatsiassessors.com\/es\/#primaryimage\"},\"datePublished\":\"2015-10-23T16:23:52+00:00\",\"dateModified\":\"2022-02-08T14:42:01+00:00\",\"description\":\"EM ADVOCATS y ASSESSORS es un despacho dedicado al Derecho Civil y al Derecho Contencioso Administrativo dirigido a particulares, empresas y entidades.\",\"breadcrumb\":{\"@id\":\"https:\/\/emadvocatsiassessors.com\/es\/#breadcrumb\"},\"inLanguage\":\"es\",\"potentialAction\":[{\"@type\":\"ReadAction\",\"target\":[\"https:\/\/emadvocatsiassessors.com\/es\/\"]}]},{\"@type\":\"BreadcrumbList\",\"@id\":\"https:\/\/emadvocatsiassessors.com\/es\/#breadcrumb\",\"itemListElement\":[{\"@type\":\"ListItem\",\"position\":1,\"name\":\"Portada\",\"item\":\"https:\/\/emadvocatsiassessors.com\/es\/\"},{\"@type\":\"ListItem\",\"position\":2,\"name\":\"Inicio\"}]}]}<\/script>\n<!-- \/ Yoast SEO plugin. -->","yoast_head_json":{"title":"EM ADVOCATS y ASSESSORS \u00b7 Derecho Civil y Administrativo","description":"EM ADVOCATS y ASSESSORS es un despacho dedicado al Derecho Civil y al Derecho Contencioso Administrativo dirigido a particulares, empresas y entidades.","robots":{"index":"index","follow":"follow","max-snippet":"max-snippet:-1","max-image-preview":"max-image-preview:large","max-video-preview":"max-video-preview:-1"},"canonical":"https:\/\/emadvocatsiassessors.com\/es\/","og_locale":"es_ES","og_type":"article","og_title":"EM ADVOCATS y ASSESSORS \u00b7 Derecho Civil y Administrativo","og_description":"EM ADVOCATS y ASSESSORS es un despacho dedicado al Derecho Civil y al Derecho Contencioso Administrativo dirigido a particulares, empresas y entidades.","og_url":"https:\/\/emadvocatsiassessors.com\/es\/","og_site_name":"Em advocats","article_modified_time":"2022-02-08T14:42:01+00:00","og_image":[{"width":1900,"height":950,"url":"https:\/\/emadvocatsiassessors.com\/wp-content\/uploads\/2021\/07\/foto-header.jpg","path":"\/srv\/vhost\/emadvocatsiassessors.com\/home\/html\/wp-content\/uploads\/2021\/07\/foto-header.jpg","size":"full","id":3230,"alt":"EM advocats i assessors","pixels":1805000,"type":"image\/jpeg"}],"twitter_card":"summary_large_image","twitter_misc":{"Tiempo de lectura":"3 minutos"},"schema":{"@context":"https:\/\/schema.org","@graph":[{"@type":"WebSite","@id":"https:\/\/emadvocatsiassessors.com\/#website","url":"https:\/\/emadvocatsiassessors.com\/","name":"Em advocats","description":"Dret Civil i Administratiu a Girona","potentialAction":[{"@type":"SearchAction","target":{"@type":"EntryPoint","urlTemplate":"https:\/\/emadvocatsiassessors.com\/?s={search_term_string}"},"query-input":"required name=search_term_string"}],"inLanguage":"es"},{"@type":"ImageObject","@id":"https:\/\/emadvocatsiassessors.com\/es\/#primaryimage","inLanguage":"es","url":"https:\/\/emadvocatsiassessors.com\/wp-content\/uploads\/2021\/07\/foto-header.jpg","contentUrl":"https:\/\/emadvocatsiassessors.com\/wp-content\/uploads\/2021\/07\/foto-header.jpg","width":1900,"height":950,"caption":"EM advocats i assessors"},{"@type":"WebPage","@id":"https:\/\/emadvocatsiassessors.com\/es\/#webpage","url":"https:\/\/emadvocatsiassessors.com\/es\/","name":"EM ADVOCATS y ASSESSORS \u00b7 Derecho Civil y Administrativo","isPartOf":{"@id":"https:\/\/emadvocatsiassessors.com\/#website"},"primaryImageOfPage":{"@id":"https:\/\/emadvocatsiassessors.com\/es\/#primaryimage"},"datePublished":"2015-10-23T16:23:52+00:00","dateModified":"2022-02-08T14:42:01+00:00","description":"EM ADVOCATS y ASSESSORS es un despacho dedicado al Derecho Civil y al Derecho Contencioso Administrativo dirigido a particulares, empresas y entidades.","breadcrumb":{"@id":"https:\/\/emadvocatsiassessors.com\/es\/#breadcrumb"},"inLanguage":"es","potentialAction":[{"@type":"ReadAction","target":["https:\/\/emadvocatsiassessors.com\/es\/"]}]},{"@type":"BreadcrumbList","@id":"https:\/\/emadvocatsiassessors.com\/es\/#breadcrumb","itemListElement":[{"@type":"ListItem","position":1,"name":"Portada","item":"https:\/\/emadvocatsiassessors.com\/es\/"},{"@type":"ListItem","position":2,"name":"Inicio"}]}]}},"_links":{"self":[{"href":"https:\/\/emadvocatsiassessors.com\/es\/wp-json\/wp\/v2\/pages\/867"}],"collection":[{"href":"https:\/\/emadvocatsiassessors.com\/es\/wp-json\/wp\/v2\/pages"}],"about":[{"href":"https:\/\/emadvocatsiassessors.com\/es\/wp-json\/wp\/v2\/types\/page"}],"author":[{"embeddable":true,"href":"https:\/\/emadvocatsiassessors.com\/es\/wp-json\/wp\/v2\/users\/1"}],"replies":[{"embeddable":true,"href":"https:\/\/emadvocatsiassessors.com\/es\/wp-json\/wp\/v2\/comments?post=867"}],"version-history":[{"count":69,"href":"https:\/\/emadvocatsiassessors.com\/es\/wp-json\/wp\/v2\/pages\/867\/revisions"}],"predecessor-version":[{"id":3320,"href":"https:\/\/emadvocatsiassessors.com\/es\/wp-json\/wp\/v2\/pages\/867\/revisions\/3320"}],"wp:featuredmedia":[{"embeddable":true,"href":"https:\/\/emadvocatsiassessors.com\/es\/wp-json\/wp\/v2\/media\/3230"}],"wp:attachment":[{"href":"https:\/\/emadvocatsiassessors.com\/es\/wp-json\/wp\/v2\/media?parent=867"}],"curies":[{"name":"wp","href":"https:\/\/api.w.org\/{rel}","templated":true}]}}